{"id":1782,"date":"2024-11-04T04:30:26","date_gmt":"2024-11-04T04:30:26","guid":{"rendered":"https:\/\/sunmovetransfer.com\/ueber-uns\/"},"modified":"2026-02-24T11:01:16","modified_gmt":"2026-02-24T11:01:16","slug":"ueber-uns","status":"publish","type":"page","link":"https:\/\/sunmovetransfer.com\/de\/ueber-uns\/","title":{"rendered":"\u00dcber uns"},"content":{"rendered":"\t\t<div data-elementor-type=\"wp-page\" data-elementor-id=\"1782\" class=\"elementor elementor-1782 elementor-29\">\n\t\t\t\t<div class=\"elementor-element elementor-element-27b6231 e-con-full e-flex e-con e-parent\" data-id=\"27b6231\" data-element_type=\"container\" data-e-type=\"container\" data-settings=\"{&quot;background_background&quot;:&quot;classic&quot;}\">\n\t\t<div class=\"elementor-element elementor-element-31d7643 e-con-full e-flex e-con e-child\" data-id=\"31d7643\" data-element_type=\"container\" data-e-type=\"container\">\n\t\t\t\t<div class=\"elementor-element elementor-element-65075b9 elementor-widget elementor-widget-gva_post_breadcrumb\" data-id=\"65075b9\" data-element_type=\"widget\" data-e-type=\"widget\" data-widget_type=\"gva_post_breadcrumb.default\">\n\t\t\t\t<div class=\"elementor-widget-container\">\n\t\t\t\t\t<div class=\"gva-element-gva_post_breadcrumb gva-element\">   \r\n<div class=\"post-breadcrumb\">\r\n   <div class=\"custom-breadcrumb \" >\r\n            <div class=\"breadcrumb-main\">\r\n        <div class=\"container\">\r\n          <div class=\"breadcrumb-container-inner\">\r\n            <h1 class=\"heading-title\">\u00dcber uns<\/h1><ol class=\"breadcrumb\"><li><a href=\"https:\/\/sunmovetransfer.com\/de\/\">Home<\/a> <\/li> <li class=\"active\">Seite<\/li><\/ol>          <\/div>  \r\n        <\/div>   \r\n      <\/div>  \r\n   <\/div>\r\n<\/div>      \r\n\r\n<\/div>\t\t\t\t<\/div>\n\t\t\t\t<\/div>\n\t\t\t\t<\/div>\n\t\t\t\t<\/div>\n\t\t<div class=\"elementor-element elementor-element-fdaa758 e-flex e-con-boxed e-con e-parent\" data-id=\"fdaa758\" data-element_type=\"container\" data-e-type=\"container\">\n\t\t\t\t\t<div class=\"e-con-inner\">\n\t\t<div class=\"elementor-element elementor-element-41d577c e-con-full e-flex e-con e-child\" data-id=\"41d577c\" data-element_type=\"container\" data-e-type=\"container\" data-settings=\"{&quot;background_background&quot;:&quot;classic&quot;}\">\n\t\t\t\t<div class=\"elementor-element elementor-element-d4af16d elementor-widget elementor-widget-gva-heading-block\" data-id=\"d4af16d\" data-element_type=\"widget\" data-e-type=\"widget\" data-widget_type=\"gva-heading-block.default\">\n\t\t\t\t<div class=\"elementor-widget-container\">\n\t\t\t\t\t<div class=\"gva-element-gva-heading-block gva-element\">\r\n   <div class=\"align-left style-1 widget gsc-heading box-align-left auto-responsive\">\r\n      \r\n      <div class=\"content-inner\">\r\n                  \r\n         <div class=\"sub-title\"><span class=\"tagline\">Wer wir sind?<\/span><\/div>  \r\n         \r\n                     <h2 class=\"title\">\r\n               <span>Entdecken Sie die Welt mit uns<\/span>\r\n            <\/h2>\r\n                  \r\n         \r\n               <\/div>\r\n\r\n   <\/div>\r\n\r\n<\/div>\t\t\t\t<\/div>\n\t\t\t\t<\/div>\n\t\t\t\t<div class=\"elementor-element elementor-element-fd25a6a elementor-widget elementor-widget-text-editor\" data-id=\"fd25a6a\" data-element_type=\"widget\" data-e-type=\"widget\" data-widget_type=\"text-editor.default\">\n\t\t\t\t\t\t\t\t\t<p>Unsere Premium-Dienstleistungen sunmove transfer<br>Wir sind stolz darauf, eine breite Palette an privaten Transferdiensten anzubieten, die genau auf Ihre Bed\u00fcrfnisse zugeschnitten sind. Egal, ob Sie ein privates Taxi von Hurghada nach Kairo, einen komfortablen Shuttle nach Safaga oder eine Luxusfahrt nach Marsa Alam, El Gouna und Makadi Bay suchen \u2013 wir sind f\u00fcr Sie da. Unsere Flotte besteht aus modernen, klimatisierten Fahrzeugen (Hi-S und Limousinen), die nach den h\u00f6chsten Sicherheitsstandards gewartet werden.   <\/p>\t\t\t\t\t\t\t\t<\/div>\n\t\t\t\t<div class=\"elementor-element elementor-element-76d5b87 elementor-widget elementor-widget-heading\" data-id=\"76d5b87\" data-element_type=\"widget\" data-e-type=\"widget\" data-widget_type=\"heading.default\">\n\t\t\t\t\t<h2 class=\"elementor-heading-title elementor-size-default\">Unsere Mission<\/h2>\t\t\t\t<\/div>\n\t\t\t\t<div class=\"elementor-element elementor-element-fe3c5f2 elementor-widget elementor-widget-text-editor\" data-id=\"fe3c5f2\" data-element_type=\"widget\" data-e-type=\"widget\" data-widget_type=\"text-editor.default\">\n\t\t\t\t\t\t\t\t\t<p>Wir definieren Reisekomfort in \u00c4gypten neu, indem wir einen erstklassigen Limousinenservice bieten, der jede Fahrt \u2013 ob gesch\u00e4ftlich oder privat \u2013 sicher, stilvoll und stressfrei macht.&#8221;<\/p>\t\t\t\t\t\t\t\t<\/div>\n\t\t\t\t<div class=\"elementor-element elementor-element-a97f367 elementor-widget elementor-widget-heading\" data-id=\"a97f367\" data-element_type=\"widget\" data-e-type=\"widget\" data-widget_type=\"heading.default\">\n\t\t\t\t\t<h2 class=\"elementor-heading-title elementor-size-default\">Warum sollten Sie uns w\u00e4hlen?<\/h2>\t\t\t\t<\/div>\n\t\t\t\t<div class=\"elementor-element elementor-element-fd92da8 elementor-icon-list--layout-traditional elementor-list-item-link-full_width elementor-widget elementor-widget-icon-list\" data-id=\"fd92da8\" data-element_type=\"widget\" data-e-type=\"widget\" data-widget_type=\"icon-list.default\">\n\t\t\t\t\t\t\t<ul class=\"elementor-icon-list-items\">\n\t\t\t\t\t\t\t<li class=\"elementor-icon-list-item\">\n\t\t\t\t\t\t\t\t\t\t\t<span class=\"elementor-icon-list-icon\">\n\t\t\t\t\t\t\t<i aria-hidden=\"true\" class=\"fas fa-check-circle\"><\/i>\t\t\t\t\t\t<\/span>\n\t\t\t\t\t\t\t\t\t\t<span class=\"elementor-icon-list-text\">Professionelle Fahrer<br>Unser Team besteht aus mehrsprachigen Experten-Fahrern, die die Routen am Roten Meer perfekt kennen.<\/span>\n\t\t\t\t\t\t\t\t\t<\/li>\n\t\t\t\t\t\t\t\t<li class=\"elementor-icon-list-item\">\n\t\t\t\t\t\t\t\t\t\t\t<span class=\"elementor-icon-list-icon\">\n\t\t\t\t\t\t\t<i aria-hidden=\"true\" class=\"fas fa-check-circle\"><\/i>\t\t\t\t\t\t<\/span>\n\t\t\t\t\t\t\t\t\t\t<span class=\"elementor-icon-list-text\">P\u00fcnktlichkeit<br>\"Wir wissen, wie wertvoll Ihre Zeit ist \u2013 besonders bei Flughafentransfers. Wir garantieren Ihnen absolute P\u00fcnktlichkeit bei Abholung und R\u00fcckbringung.\"<\/span>\n\t\t\t\t\t\t\t\t\t<\/li>\n\t\t\t\t\t\t\t\t<li class=\"elementor-icon-list-item\">\n\t\t\t\t\t\t\t\t\t\t\t<span class=\"elementor-icon-list-icon\">\n\t\t\t\t\t\t\t<i aria-hidden=\"true\" class=\"fas fa-check-circle\"><\/i>\t\t\t\t\t\t<\/span>\n\t\t\t\t\t\t\t\t\t\t<span class=\"elementor-icon-list-text\">Festpreise<br>\"Keine versteckten Geb\u00fchren. Unsere Preisliste ist transparent und wettbewerbsf\u00e4hig, damit Sie das beste Preis-Leistungs-Verh\u00e4ltnis erhalten.\"  <\/span>\n\t\t\t\t\t\t\t\t\t<\/li>\n\t\t\t\t\t\t\t\t<li class=\"elementor-icon-list-item\">\n\t\t\t\t\t\t\t\t\t\t\t<span class=\"elementor-icon-list-icon\">\n\t\t\t\t\t\t\t<i aria-hidden=\"true\" class=\"fas fa-check-circle\"><\/i>\t\t\t\t\t\t<\/span>\n\t\t\t\t\t\t\t\t\t\t<span class=\"elementor-icon-list-text\">24\/7 Erreichbarkeit<br>\"Wir sind jederzeit f\u00fcr Ihre Buchungen bereit und sorgen f\u00fcr ein reibungsloses Reiseerlebnis \u2013 vom ersten Moment Ihrer Landung an.\"<\/span>\n\t\t\t\t\t\t\t\t\t<\/li>\n\t\t\t\t\t\t<\/ul>\n\t\t\t\t\t\t<\/div>\n\t\t\t\t<\/div>\n\t\t<div class=\"elementor-element elementor-element-d82304e e-con-full e-flex e-con e-child\" data-id=\"d82304e\" data-element_type=\"container\" data-e-type=\"container\">\n\t\t\t\t<div class=\"elementor-element elementor-element-0d2dc50 elementor-widget elementor-widget-gva-image-content\" data-id=\"0d2dc50\" data-element_type=\"widget\" data-e-type=\"widget\" data-widget_type=\"gva-image-content.default\">\n\t\t\t\t<div class=\"elementor-widget-container\">\n\t\t\t\t\t<div class=\"gva-element-gva-image-content gva-element\">\t\t\r\n  \r\n\t \r\n\r\n \r\n\r\n\r\n \r\n  \r\n  \t<div class=\"about-five__single\">\r\n\t  \t<div class=\"about-five__image\"><div class=\"content-inner\">\t\t  <a href=\"#\">\r\n\t\t\t <img decoding=\"async\" src=\"https:\/\/sunmovetransfer.com\/wp-content\/uploads\/2026\/02\/minibus-egypt.jpeg\" alt=\"\" \/>\t\t  <\/a>\r\n\t\t  <\/div><\/div><div class=\"about-five__logo\"><img decoding=\"async\" src=\"https:\/\/sunmovetransfer.com\/wp-content\/uploads\/2026\/02\/logo2.webp\" alt=\"\" \/><\/div><div class=\"about-five__image-second\"><div class=\"content-inner\">\t\t  <a href=\"#\">\r\n\t\t\t <img decoding=\"async\" src=\"https:\/\/sunmovetransfer.com\/wp-content\/uploads\/2026\/02\/hurghada-sunmove.jpeg\" alt=\"\" \/>\t\t  <\/a>\r\n\t\t  <\/div><\/div>\t<\/div>\r\n \r\n\r\n  \r\n \r\n\r\n \r\n\r\n\r\n\t<\/div>\t\t\t\t<\/div>\n\t\t\t\t<\/div>\n\t\t\t\t<\/div>\n\t\t\t\t\t<\/div>\n\t\t\t\t<\/div>\n\t\t<div class=\"elementor-element elementor-element-fab950a e-con-full e-flex e-con e-parent\" data-id=\"fab950a\" data-element_type=\"container\" data-e-type=\"container\" data-settings=\"{&quot;background_background&quot;:&quot;classic&quot;}\">\n\t\t<div class=\"elementor-element elementor-element-d4eb2c2 e-flex e-con-boxed e-con e-child\" data-id=\"d4eb2c2\" data-element_type=\"container\" data-e-type=\"container\" data-settings=\"{&quot;background_background&quot;:&quot;classic&quot;}\">\n\t\t\t\t\t<div class=\"e-con-inner\">\n\t\t<div class=\"elementor-element elementor-element-06881dc e-con-full e-flex e-con e-child\" data-id=\"06881dc\" data-element_type=\"container\" data-e-type=\"container\">\n\t\t\t\t<div class=\"elementor-element elementor-element-ea2d1a6 elementor-widget elementor-widget-gva-heading-block\" data-id=\"ea2d1a6\" data-element_type=\"widget\" data-e-type=\"widget\" data-widget_type=\"gva-heading-block.default\">\n\t\t\t\t<div class=\"elementor-widget-container\">\n\t\t\t\t\t<div class=\"gva-element-gva-heading-block gva-element\">\r\n   <div class=\"align-left style-2 widget gsc-heading box-align-left auto-responsive\">\r\n      \r\n      <div class=\"content-inner\">\r\n                  \r\n         <div class=\"sub-title\"><span class=\"tagline\">Sonderangebot f\u00fcr Sie<\/span><\/div>  \r\n         \r\n                     <h2 class=\"title\">\r\n               <span>Lass uns deine Reisetr\u00e4ume wahr werden lassen <\/span>\r\n            <\/h2>\r\n                  \r\n                     <div class=\"title-desc\">Erleben Sie den Komfort, den Sie verdienen. Buchen Sie jetzt Ihren Luxustransfer. <\/div>\r\n         \r\n                     <div class=\"heading-action\">\r\n               \t\t  <a href=\"&lt;!--[CDATA[https:\/\/themegavias.com\/wp\/travivu\/all-tours\/]]--&gt;\" class=\"btn-cta btn-white \">\r\n\t\t\t <span>Buchung starten<\/span>\r\n\t\t  <\/a>\r\n\r\n\t\t              <\/div>\r\n               <\/div>\r\n\r\n   <\/div>\r\n\r\n<\/div>\t\t\t\t<\/div>\n\t\t\t\t<\/div>\n\t\t\t\t<\/div>\n\t\t\t\t<div class=\"elementor-element elementor-element-173f356 elementor-widget elementor-widget-gva-image-content\" data-id=\"173f356\" data-element_type=\"widget\" data-e-type=\"widget\" data-widget_type=\"gva-image-content.default\">\n\t\t\t\t<div class=\"elementor-widget-container\">\n\t\t\t\t\t<div class=\"gva-element-gva-image-content gva-element\">\t\t\r\n  \r\n\t \r\n\r\n \r\n\r\n\r\n\t<div class=\"about-four__single\">\r\n\t\t<div class=\"about-four__wrap\">\r\n\t\t  \t<div class=\"about-four__image\"><div class=\"content-inner\"><img decoding=\"async\" src=\"https:\/\/sunmovetransfer.com\/wp-content\/uploads\/2026\/02\/image-08.jpg\" alt=\"\" \/><\/div><\/div><div class=\"about-four__image-second\"><div class=\"content-inner\"><img decoding=\"async\" src=\"https:\/\/sunmovetransfer.com\/wp-content\/uploads\/2026\/02\/serv6.webp\" alt=\"\" \/><\/div><\/div><div class=\"about-four__image-third\"><div class=\"content-inner\"><img decoding=\"async\" src=\"https:\/\/sunmovetransfer.com\/wp-content\/uploads\/2026\/02\/image-09.png\" alt=\"\" \/><\/div><\/div>\t\t<\/div>\t\r\n\t<\/div>\r\n \r\n  \r\n \r\n\r\n  \r\n \r\n\r\n \r\n\r\n\r\n\t<\/div>\t\t\t\t<\/div>\n\t\t\t\t<\/div>\n\t\t\t\t\t<\/div>\n\t\t\t\t<\/div>\n\t\t\t\t<\/div>\n\t\t\t\t<\/div>\n\t\t","protected":false},"excerpt":{"rendered":"<p>The Best Day Trip from Hurghada to Luxor Home Wer wir sind? Entdecken Sie die Welt mit uns Unsere Premium-Dienstleistungen sunmove transferWir sind stolz darauf, eine breite Palette an privaten Transferdiensten anzubieten, die genau auf Ihre Bed\u00fcrfnisse zugeschnitten sind. Egal, ob Sie ein privates Taxi von Hurghada nach Kairo, einen komfortablen Shuttle nach Safaga oder [&hellip;]<\/p>\n","protected":false},"author":1,"featured_media":0,"parent":0,"menu_order":0,"comment_status":"closed","ping_status":"closed","template":"","meta":{"_joinchat":[],"footnotes":""},"class_list":["post-1782","page","type-page","status-publish","hentry"],"aioseo_notices":[],"_hostinger_reach_plugin_has_subscription_block":false,"_hostinger_reach_plugin_is_elementor":false,"_links":{"self":[{"href":"https:\/\/sunmovetransfer.com\/de\/wp-json\/wp\/v2\/pages\/1782","targetHints":{"allow":["GET"]}}],"collection":[{"href":"https:\/\/sunmovetransfer.com\/de\/wp-json\/wp\/v2\/pages"}],"about":[{"href":"https:\/\/sunmovetransfer.com\/de\/wp-json\/wp\/v2\/types\/page"}],"author":[{"embeddable":true,"href":"https:\/\/sunmovetransfer.com\/de\/wp-json\/wp\/v2\/users\/1"}],"replies":[{"embeddable":true,"href":"https:\/\/sunmovetransfer.com\/de\/wp-json\/wp\/v2\/comments?post=1782"}],"version-history":[{"count":1,"href":"https:\/\/sunmovetransfer.com\/de\/wp-json\/wp\/v2\/pages\/1782\/revisions"}],"predecessor-version":[{"id":1783,"href":"https:\/\/sunmovetransfer.com\/de\/wp-json\/wp\/v2\/pages\/1782\/revisions\/1783"}],"wp:attachment":[{"href":"https:\/\/sunmovetransfer.com\/de\/wp-json\/wp\/v2\/media?parent=1782"}],"curies":[{"name":"wp","href":"https:\/\/api.w.org\/{rel}","templated":true}]}}